{"id":8261,"date":"2024-02-01T23:39:59","date_gmt":"2024-02-02T02:39:59","guid":{"rendered":"https:\/\/sindoh.com.ar\/index.php\/sindoh-d311-a3-mfp-copy\/"},"modified":"2024-02-01T23:46:24","modified_gmt":"2024-02-02T02:46:24","slug":"sindoh-d330-d332-a3-mfp-color","status":"publish","type":"page","link":"https:\/\/sindoh.com.ar\/index.php\/sindoh-d330-d332-a3-mfp-color\/","title":{"rendered":"Sindoh D330\/D332 A3 MFP Color"},"content":{"rendered":"<p>[vc_row full_width=&#8221;stretch_row&#8221; el_id=&#8221;rs-faq&#8221; css=&#8221;.vc_custom_1505540764532{padding-top: 65px !important;padding-bottom: 65px !important;background-color: #f9f9f9 !important;}&#8221;][vc_column width=&#8221;1\/2&#8243; css=&#8221;.vc_custom_1603994337692{padding-right: 65px !important;}&#8221;][vc_column_text]<\/p>\n<h1 style=\"color: #60ad2b!important; font-family: 'Museo300'!important; font-size: 16px; font-weight: 400!important;\"><strong>Sindoh<\/strong> D330\/D332<\/h1>\n<p>[\/vc_column_text][vc_gallery interval=&#8221;3&#8243; images=&#8221;8265,8266&#8243;][\/vc_column][vc_column width=&#8221;1\/2&#8243;][vc_tta_accordion style=&#8221;outline&#8221; shape=&#8221;square&#8221; c_icon=&#8221;&#8221; active_section=&#8221;1&#8243;][vc_tta_section title=&#8221;DESCRIPCI\u00d3N&#8221; tab_id=&#8221;1603718120951-0fb404e7-e9a0&#8243;][vc_column_text]<\/p>\n<h3>Copiadora digital multifuncional en color A3. Un MFP para una mayor eficiencia y productividad.<\/h3>\n<p>Sindoh D330 A3 MFP Color imprime a 22 ppm y Sindoh D332 A3 MFP Color imprime a 28 ppm. Realiza distintas funciones como impresi\u00f3n copia y escaneo de documentos. Esos nuevos modelos incorporan un nuevo y simple dise\u00f1o de Interfaz gr\u00e1fica de usuario y un Panel t\u00e1ctil de 7 pulgadas grande y f\u00e1cil de usar.<\/p>\n<p>[\/vc_column_text][\/vc_tta_section][vc_tta_section title=&#8221;ESPECIFICACIONES&#8221; tab_id=&#8221;1603982765234-225349b4-eb7b&#8221;][vc_column_text]<img loading=\"lazy\" decoding=\"async\" class=\"wp-image-8264 size-full aligncenter\" src=\"http:\/\/sindoh.com.ar\/wp-content\/uploads\/2024\/02\/copia-es-1.jpg\" alt=\"\" width=\"461\" height=\"911\" srcset=\"https:\/\/sindoh.com.ar\/wp-content\/uploads\/2024\/02\/copia-es-1.jpg 461w, https:\/\/sindoh.com.ar\/wp-content\/uploads\/2024\/02\/copia-es-1-152x300.jpg 152w\" sizes=\"auto, (max-width: 461px) 100vw, 461px\" \/>[\/vc_column_text][\/vc_tta_section][\/vc_tta_accordion][\/vc_column][\/vc_row][vc_row full_width=&#8221;stretch_row&#8221; el_id=&#8221;rs-cta&#8221; el_class=&#8221;rs-cta&#8221; css=&#8221;.vc_custom_1511349801905{padding-top: 30px !important;padding-bottom: 35px !important;}&#8221;][vc_column width=&#8221;2\/3&#8243;][vc_custom_heading text=&#8221;\u00a1CONSULTANOS AHORA DESDE AC\u00c1!&#8221; font_container=&#8221;tag:h2|font_size:36px|text_align:left|color:%23ffffff&#8221; google_fonts=&#8221;font_family:Open%20Sans%3A300%2C300italic%2Cregular%2Citalic%2C600%2C600italic%2C700%2C700italic%2C800%2C800italic|font_style:400%20regular%3A400%3Anormal&#8221; css=&#8221;.vc_custom_1600523483011{margin-top: 0px !important;margin-bottom: 0px !important;padding-top: 0px !important;padding-bottom: 0px !important;}&#8221;][\/vc_column][vc_column width=&#8221;1\/3&#8243;][vc_btn title=&#8221;ENVIAR MENSAJE&#8221; style=&#8221;outline-custom&#8221; outline_custom_color=&#8221;#60ad2b&#8221; outline_custom_hover_background=&#8221;#60ad2b&#8221; outline_custom_hover_text=&#8221;#4caf50&#8243; shape=&#8221;square&#8221; align=&#8221;right&#8221; link=&#8221;url:%23||&#8221;][\/vc_column][\/vc_row]<\/p>\n","protected":false},"excerpt":{"rendered":"<p>[vc_row full_width=&#8221;stretch_row&#8221; el_id=&#8221;rs-faq&#8221; css=&#8221;.vc_custom_1505540764532{padding-top: 65px !important;padding-bottom: 65px !important;background-color: #f9f9f9 !important;}&#8221;][vc_column width=&#8221;1\/2&#8243; css=&#8221;.vc_custom_1603994337692{padding-right: 65px !important;}&#8221;][vc_column_text] Sindoh D330\/D332 [\/vc_column_text][vc_gallery interval=&#8221;3&#8243; images=&#8221;8265,8266&#8243;][\/vc_column][vc_column width=&#8221;1\/2&#8243;][vc_tta_accordion&#8230;<\/p>\n","protected":false},"author":3,"featured_media":0,"parent":0,"menu_order":0,"comment_status":"closed","ping_status":"closed","template":"","meta":{"inline_featured_image":false,"footnotes":""},"class_list":["post-8261","page","type-page","status-publish","hentry"],"_links":{"self":[{"href":"https:\/\/sindoh.com.ar\/index.php\/wp-json\/wp\/v2\/pages\/8261","targetHints":{"allow":["GET"]}}],"collection":[{"href":"https:\/\/sindoh.com.ar\/index.php\/wp-json\/wp\/v2\/pages"}],"about":[{"href":"https:\/\/sindoh.com.ar\/index.php\/wp-json\/wp\/v2\/types\/page"}],"author":[{"embeddable":true,"href":"https:\/\/sindoh.com.ar\/index.php\/wp-json\/wp\/v2\/users\/3"}],"replies":[{"embeddable":true,"href":"https:\/\/sindoh.com.ar\/index.php\/wp-json\/wp\/v2\/comments?post=8261"}],"version-history":[{"count":4,"href":"https:\/\/sindoh.com.ar\/index.php\/wp-json\/wp\/v2\/pages\/8261\/revisions"}],"predecessor-version":[{"id":8268,"href":"https:\/\/sindoh.com.ar\/index.php\/wp-json\/wp\/v2\/pages\/8261\/revisions\/8268"}],"wp:attachment":[{"href":"https:\/\/sindoh.com.ar\/index.php\/wp-json\/wp\/v2\/media?parent=8261"}],"curies":[{"name":"wp","href":"https:\/\/api.w.org\/{rel}","templated":true}]}}