{"id":4572,"date":"2020-11-26T14:14:52","date_gmt":"2020-11-26T17:14:52","guid":{"rendered":"http:\/\/sindoh.com.ar\/index.php\/sindoh-m612-a4-mfp-copy\/"},"modified":"2021-06-12T11:37:41","modified_gmt":"2021-06-12T14:37:41","slug":"sindoh-n410-a3-mfp","status":"publish","type":"page","link":"https:\/\/sindoh.com.ar\/index.php\/sindoh-n410-a3-mfp\/","title":{"rendered":"Sindoh N410 A3 MFP"},"content":{"rendered":"<p>[vc_row full_width=&#8221;stretch_row&#8221; el_id=&#8221;rs-faq&#8221; css=&#8221;.vc_custom_1505540764532{padding-top: 65px !important;padding-bottom: 65px !important;background-color: #f9f9f9 !important;}&#8221;][vc_column width=&#8221;1\/2&#8243; css=&#8221;.vc_custom_1603994337692{padding-right: 65px !important;}&#8221;][vc_column_text]<\/p>\n<h1 style=\"color: #60ad2b!important; font-family: 'Museo300'!important; font-size: 16px; font-weight: 400!important;\"><strong>Multifunci\u00f3n Sindoh <\/strong>N410 A3 MFP<\/h1>\n<p>[\/vc_column_text][vc_gallery interval=&#8221;3&#8243; images=&#8221;4576,4577&#8243;][\/vc_column][vc_column width=&#8221;1\/2&#8243;][vc_tta_accordion style=&#8221;outline&#8221; shape=&#8221;square&#8221; c_icon=&#8221;&#8221; active_section=&#8221;1&#8243;][vc_tta_section title=&#8221;DESCRIPCI\u00d3N&#8221; tab_id=&#8221;1603718120951-0fb404e7-e9a0&#8243;][vc_column_text]<\/p>\n<ul>\n<li>Velocidad de salida r\u00e1pida de 26 ppm (N410) y 30ppm (N411)<\/li>\n<li>Impresi\u00f3n Monocromo<\/li>\n<li>Resoluci\u00f3n 1200 x 1200<\/li>\n<li>5\u2033 pantalla t\u00e1ctil a color<\/li>\n<li>Rendimiento r\u00e1pido y silencioso<\/li>\n<li>D\u00faplex est\u00e1ndar<\/li>\n<li>Soporta la opci\u00f3n Wi-FI<\/li>\n<li>Quad Core CPU (800MHz Dual Core+533MHz Dual Core)<\/li>\n<li><\/li>\n<\/ul>\n<p>[\/vc_column_text][\/vc_tta_section][vc_tta_section title=&#8221;ESPECIFICACIONES&#8221; tab_id=&#8221;1603982765234-225349b4-eb7b&#8221;][vc_column_text]<\/p>\n<ul>\n<li class=\"li1\">Imprime hasta 26 p\u00e1ginas (N410) y 30 p\u00e1ginas (N411) por minuto<\/li>\n<li class=\"li1\">Ofrece una capacidad total de papel de hasta 2100 hojas<\/li>\n<li class=\"li1\">Impresi\u00f3n d\u00faplex autom\u00e1tica est\u00e1ndar<\/li>\n<li class=\"li1\">1GB de memoria y procesador (800MHz + 533MHz) manejan trabajos de impresi\u00f3n r\u00e1pidamente<\/li>\n<li class=\"li1\">Ofrece beneficios econ\u00f3micos en comparaci\u00f3n con los modelos de la competencia en su clase.<\/li>\n<li class=\"li1\">Ahorra un 10% o m\u00e1s de espacio en comparaci\u00f3n con otras MFP A3 de su clase<\/li>\n<li class=\"li1\">Aplica la tecnolog\u00eda SRR (Self Refresh &amp; Recycle)<\/li>\n<li class=\"li1\">Con la carga continua del nuevo operador, la vida \u00fatil del desarrollador se extiende (Self Refresh &amp; Recycle) tecnolog\u00eda<\/li>\n<li class=\"li1\">Solo se recoge el revelador de residuos lo que permite ahorrar espacio de recogida<\/li>\n<li class=\"li1\">Como resultado, la vida del revelador se extiende y se admite una imagen de alta calidad sin desperdiciar t\u00f3ner<\/li>\n<li class=\"li1\">Detecta y elimina autom\u00e1ticamente la fuente de suciedad en la cama plana<\/li>\n<li class=\"li1\">La advertencia de &#8220;detecci\u00f3n de polvo&#8221; aparece como una alerta para el usuario<\/li>\n<li class=\"li1\">Compatibilidad con Apple AirPrint y la impresi\u00f3n m\u00f3vil de Android mediante la aplicaci\u00f3n Sindoh<\/li>\n<li class=\"li1\">Permite a los usuarios obtener impresiones de alta calidad desde tel\u00e9fonos inteligentes o tabletas<\/li>\n<\/ul>\n<p>[\/vc_column_text][\/vc_tta_section][\/vc_tta_accordion][\/vc_column][\/vc_row][vc_row full_width=&#8221;stretch_row&#8221; el_id=&#8221;rs-cta&#8221; el_class=&#8221;rs-cta&#8221; css=&#8221;.vc_custom_1511349801905{padding-top: 30px !important;padding-bottom: 35px !important;}&#8221;][vc_column width=&#8221;2\/3&#8243;][vc_custom_heading text=&#8221;\u00a1CONSULTANOS AHORA DESDE AC\u00c1!&#8221; font_container=&#8221;tag:h2|font_size:36px|text_align:left|color:%23ffffff&#8221; google_fonts=&#8221;font_family:Open%20Sans%3A300%2C300italic%2Cregular%2Citalic%2C600%2C600italic%2C700%2C700italic%2C800%2C800italic|font_style:400%20regular%3A400%3Anormal&#8221; css=&#8221;.vc_custom_1600523483011{margin-top: 0px !important;margin-bottom: 0px !important;padding-top: 0px !important;padding-bottom: 0px !important;}&#8221;][\/vc_column][vc_column width=&#8221;1\/3&#8243;][vc_btn title=&#8221;ENVIAR MENSAJE&#8221; style=&#8221;outline-custom&#8221; outline_custom_color=&#8221;#60ad2b&#8221; outline_custom_hover_background=&#8221;#60ad2b&#8221; outline_custom_hover_text=&#8221;#4caf50&#8243; shape=&#8221;square&#8221; align=&#8221;right&#8221; link=&#8221;url:%23||&#8221;][\/vc_column][\/vc_row]<\/p>\n","protected":false},"excerpt":{"rendered":"<p>[vc_row full_width=&#8221;stretch_row&#8221; el_id=&#8221;rs-faq&#8221; css=&#8221;.vc_custom_1505540764532{padding-top: 65px !important;padding-bottom: 65px !important;background-color: #f9f9f9 !important;}&#8221;][vc_column width=&#8221;1\/2&#8243; css=&#8221;.vc_custom_1603994337692{padding-right: 65px !important;}&#8221;][vc_column_text] Multifunci\u00f3n Sindoh N410 A3 MFP [\/vc_column_text][vc_gallery&#8230;<\/p>\n","protected":false},"author":1,"featured_media":0,"parent":0,"menu_order":0,"comment_status":"closed","ping_status":"closed","template":"","meta":{"inline_featured_image":false,"footnotes":""},"class_list":["post-4572","page","type-page","status-publish","hentry"],"_links":{"self":[{"href":"https:\/\/sindoh.com.ar\/index.php\/wp-json\/wp\/v2\/pages\/4572","targetHints":{"allow":["GET"]}}],"collection":[{"href":"https:\/\/sindoh.com.ar\/index.php\/wp-json\/wp\/v2\/pages"}],"about":[{"href":"https:\/\/sindoh.com.ar\/index.php\/wp-json\/wp\/v2\/types\/page"}],"author":[{"embeddable":true,"href":"https:\/\/sindoh.com.ar\/index.php\/wp-json\/wp\/v2\/users\/1"}],"replies":[{"embeddable":true,"href":"https:\/\/sindoh.com.ar\/index.php\/wp-json\/wp\/v2\/comments?post=4572"}],"version-history":[{"count":9,"href":"https:\/\/sindoh.com.ar\/index.php\/wp-json\/wp\/v2\/pages\/4572\/revisions"}],"predecessor-version":[{"id":4719,"href":"https:\/\/sindoh.com.ar\/index.php\/wp-json\/wp\/v2\/pages\/4572\/revisions\/4719"}],"wp:attachment":[{"href":"https:\/\/sindoh.com.ar\/index.php\/wp-json\/wp\/v2\/media?parent=4572"}],"curies":[{"name":"wp","href":"https:\/\/api.w.org\/{rel}","templated":true}]}}