{"id":4252,"date":"2020-10-13T22:59:47","date_gmt":"2020-10-14T01:59:47","guid":{"rendered":"http:\/\/sindoh.com.ar\/index.php\/fujitsu-image-scanner-fi-7160-copy\/"},"modified":"2021-06-12T11:38:38","modified_gmt":"2021-06-12T14:38:38","slug":"sindoh-d311-a3-mfp","status":"publish","type":"page","link":"https:\/\/sindoh.com.ar\/index.php\/sindoh-d311-a3-mfp\/","title":{"rendered":"Sindoh D311 A3 MFP"},"content":{"rendered":"<p>[vc_row full_width=&#8221;stretch_row&#8221; el_id=&#8221;rs-faq&#8221; css=&#8221;.vc_custom_1505540764532{padding-top: 65px !important;padding-bottom: 65px !important;background-color: #f9f9f9 !important;}&#8221;][vc_column width=&#8221;1\/2&#8243; css=&#8221;.vc_custom_1603994337692{padding-right: 65px !important;}&#8221;][vc_column_text]<\/p>\n<h1 style=\"color: #60ad2b!important; font-family: 'Museo300'!important; font-size: 16px; font-weight: 400!important;\"><strong>Sindoh<\/strong>D311 A3 MFP<\/h1>\n<p>[\/vc_column_text][vc_gallery interval=&#8221;3&#8243; images=&#8221;4556,4557,4558&#8243;][\/vc_column][vc_column width=&#8221;1\/2&#8243;][vc_tta_accordion style=&#8221;outline&#8221; shape=&#8221;square&#8221; c_icon=&#8221;&#8221; active_section=&#8221;1&#8243;][vc_tta_section title=&#8221;DESCRIPCI\u00d3N&#8221; tab_id=&#8221;1603718120951-0fb404e7-e9a0&#8243;][vc_column_text]<\/p>\n<h3>LA NUEVA SOLUCI\u00d3N TOTAL PARA LOS USUARIOS DE SINDOH A3 EN COLOR. UN MFP PARA UNA MAYOR EFICIENCIA Y PRODUCTIVIDAD.<\/h3>\n<p>Imprime a una velocidad de 28 p\u00e1ginas por minuto como velocidad de salida. Realiza distintas funciones como impresi\u00f3n copia y escaneo de documentos. El nuevo modelo D311 incorpora una resoluci\u00f3n de 1.800\u00d7600. Otra de sus caracter\u00edsticas es Panel T\u00e1ctil Color de 7\u201d.<\/p>\n<p>Esta multifunci\u00f3n de Sindoh en color tiene un alto rendimiento, siendo r\u00e1pida y silenciosa. Incorpora una memoria USB para impresi\u00f3n.[\/vc_column_text][\/vc_tta_section][vc_tta_section title=&#8221;ESPECIFICACIONES&#8221; tab_id=&#8221;1603982765234-225349b4-eb7b&#8221;][vc_column_text]<\/p>\n<ul>\n<li>Velocidad de salida r\u00e1pida de 22 ppm (D310) y 28ppm (D311)<\/li>\n<li>Copia, Fax y Esc\u00e1ner de Color<\/li>\n<li>Resoluci\u00f3n 1800 x 600<\/li>\n<li>7\u2033 pantalla t\u00e1ctil a color<\/li>\n<li>Rendimiento r\u00e1pido y silencioso<\/li>\n<li>D\u00faplex est\u00e1ndar<\/li>\n<li>Soporta la opci\u00f3n Wi-FI<\/li>\n<li>Puerto USB<\/li>\n<li>2GB de Memoria\u00a0 (Ampliable a 4GB)<\/li>\n<\/ul>\n<p>[\/vc_column_text][\/vc_tta_section][\/vc_tta_accordion][\/vc_column][\/vc_row][vc_row full_width=&#8221;stretch_row&#8221; el_id=&#8221;rs-cta&#8221; el_class=&#8221;rs-cta&#8221; css=&#8221;.vc_custom_1511349801905{padding-top: 30px !important;padding-bottom: 35px !important;}&#8221;][vc_column width=&#8221;2\/3&#8243;][vc_custom_heading text=&#8221;\u00a1CONSULTANOS AHORA DESDE AC\u00c1!&#8221; font_container=&#8221;tag:h2|font_size:36px|text_align:left|color:%23ffffff&#8221; google_fonts=&#8221;font_family:Open%20Sans%3A300%2C300italic%2Cregular%2Citalic%2C600%2C600italic%2C700%2C700italic%2C800%2C800italic|font_style:400%20regular%3A400%3Anormal&#8221; css=&#8221;.vc_custom_1600523483011{margin-top: 0px !important;margin-bottom: 0px !important;padding-top: 0px !important;padding-bottom: 0px !important;}&#8221;][\/vc_column][vc_column width=&#8221;1\/3&#8243;][vc_btn title=&#8221;ENVIAR MENSAJE&#8221; style=&#8221;outline-custom&#8221; outline_custom_color=&#8221;#60ad2b&#8221; outline_custom_hover_background=&#8221;#60ad2b&#8221; outline_custom_hover_text=&#8221;#4caf50&#8243; shape=&#8221;square&#8221; align=&#8221;right&#8221; link=&#8221;url:%23||&#8221;][\/vc_column][\/vc_row]<\/p>\n","protected":false},"excerpt":{"rendered":"<p>[vc_row full_width=&#8221;stretch_row&#8221; el_id=&#8221;rs-faq&#8221; css=&#8221;.vc_custom_1505540764532{padding-top: 65px !important;padding-bottom: 65px !important;background-color: #f9f9f9 !important;}&#8221;][vc_column width=&#8221;1\/2&#8243; css=&#8221;.vc_custom_1603994337692{padding-right: 65px !important;}&#8221;][vc_column_text] SindohD311 A3 MFP [\/vc_column_text][vc_gallery interval=&#8221;3&#8243; images=&#8221;4556,4557,4558&#8243;][\/vc_column][vc_column&#8230;<\/p>\n","protected":false},"author":1,"featured_media":0,"parent":0,"menu_order":0,"comment_status":"closed","ping_status":"closed","template":"","meta":{"inline_featured_image":false,"footnotes":""},"class_list":["post-4252","page","type-page","status-publish","hentry"],"_links":{"self":[{"href":"https:\/\/sindoh.com.ar\/index.php\/wp-json\/wp\/v2\/pages\/4252","targetHints":{"allow":["GET"]}}],"collection":[{"href":"https:\/\/sindoh.com.ar\/index.php\/wp-json\/wp\/v2\/pages"}],"about":[{"href":"https:\/\/sindoh.com.ar\/index.php\/wp-json\/wp\/v2\/types\/page"}],"author":[{"embeddable":true,"href":"https:\/\/sindoh.com.ar\/index.php\/wp-json\/wp\/v2\/users\/1"}],"replies":[{"embeddable":true,"href":"https:\/\/sindoh.com.ar\/index.php\/wp-json\/wp\/v2\/comments?post=4252"}],"version-history":[{"count":26,"href":"https:\/\/sindoh.com.ar\/index.php\/wp-json\/wp\/v2\/pages\/4252\/revisions"}],"predecessor-version":[{"id":4721,"href":"https:\/\/sindoh.com.ar\/index.php\/wp-json\/wp\/v2\/pages\/4252\/revisions\/4721"}],"wp:attachment":[{"href":"https:\/\/sindoh.com.ar\/index.php\/wp-json\/wp\/v2\/media?parent=4252"}],"curies":[{"name":"wp","href":"https:\/\/api.w.org\/{rel}","templated":true}]}}